{"id":989427,"date":"2025-03-28T02:50:30","date_gmt":"2025-03-28T02:50:30","guid":{"rendered":"https:\/\/rubberautoparts.com\/?post_type=product&#038;p=989427"},"modified":"2025-03-30T05:32:18","modified_gmt":"2025-03-30T05:32:18","slug":"cv-joint-boot-ghcvjb0021-oem-04438-04021-yb02-1061","status":"publish","type":"product","link":"https:\/\/rubberautoparts.com\/pt\/produto\/bota-de-junta-homocinetica-ghcvjb0021-oem-04438-04021-yb02-1061\/","title":{"rendered":"BOTA DE JUNTA HOMOCIN\u00c9TICA GHCVJB0021\/OEM: 04438-04021\/YB02-1061"},"content":{"rendered":"<div class=\"vgblk-rw-wrapper limit-wrapper\">A capa para junta homocin\u00e9tica OEM GHCVJB0021 \/ OEM: 04438-04021 \/ YB02-1061 foi projetada profissionalmente para uma variedade de ve\u00edculos Toyota, garantindo desempenho confi\u00e1vel e prote\u00e7\u00e3o para seu sistema de transmiss\u00e3o.<\/p>\n<p>Este produto \u00e9 fabricado usando materiais de alta qualidade, adaptados para atender a requisitos espec\u00edficos. <strong>Borracha Natural (NR)<\/strong> Oferece grande elasticidade e resist\u00eancia \u00e0 abras\u00e3o, tornando-se uma op\u00e7\u00e3o econ\u00f4mica para aplica\u00e7\u00f5es padr\u00e3o. Para ambientes de alta temperatura, <strong>Borracha de silicone (HTV)<\/strong> \u00e9 ideal, pois suporta temperaturas que variam de -60\u00b0C a 230\u00b0C, sendo perfeito para ve\u00edculos turboalimentados ou el\u00e9tricos. <strong>Borracha de nitrila butadieno (NBR)<\/strong> \u00e9 usado por sua excelente resist\u00eancia a \u00f3leo e combust\u00edvel, adequado para diversas aplica\u00e7\u00f5es de motores. <strong>Mon\u00f4mero de etileno propileno dieno (EPDM)<\/strong> \u00e9 escolhido por suas propriedades de resist\u00eancia \u00e0s intemp\u00e9ries, destacando-se em condi\u00e7\u00f5es \u00famidas ou costeiras. Al\u00e9m disso, <strong>Borracha de cloropreno (CR)<\/strong> oferece boa resist\u00eancia a \u00f3leos, produtos qu\u00edmicos e temperaturas extremas.<\/p>\n<p>O design desta coifa para junta homocin\u00e9tica envolve engenharia precisa para garantir ajuste e durabilidade ideais. Kits de coifa espec\u00edficos para cada ve\u00edculo est\u00e3o dispon\u00edveis para integra\u00e7\u00e3o perfeita, juntamente com op\u00e7\u00f5es de ajuste universal adequadas para ve\u00edculos modificados.<\/p>\n<p>Com mais de 20 anos de experi\u00eancia na produ\u00e7\u00e3o de componentes automotivos confi\u00e1veis, focamos em fornecer produtos de qualidade e excelente suporte. Nossos pre\u00e7os competitivos tornam este porta-malas uma solu\u00e7\u00e3o econ\u00f4mica para pedidos em grandes quantidades, sem comprometer a qualidade.<\/p>\n<p>Para <a href=\"https:\/\/rubberautoparts.com\/pt\/investigacao\/\">inqu\u00e9ritos<\/a> sobre colabora\u00e7\u00f5es OEM\/ODM, consultas t\u00e9cnicas ou solicita\u00e7\u00f5es de amostras, entre em contato conosco hoje mesmo!<\/div>\n<p><!-- .vgblk-rw-wrapper --><\/p>","protected":false},"excerpt":{"rendered":"<p>OEM CV Joint Boot GHCVJB0021 \/ OEM: 04438-04021 \/ YB02-1061 is expertly designed for a variety of Toyota vehicles, ensuring reliable performance and protection for your drivetrain. This product is manufactured using high-quality materials tailored to meet specific requirements. Natural Rubber (NR) offers great elasticity and abrasion resistance, making it a cost-effective choice for standard&#8230;<\/p>","protected":false},"featured_media":989428,"template":"","meta":[],"product_brand":[],"product_cat":[63],"product_tag":[75],"class_list":{"0":"post-989427","1":"product","2":"type-product","3":"status-publish","4":"has-post-thumbnail","6":"product_cat-cv-joint-boot","7":"product_tag-toyota","9":"first","10":"instock","11":"shipping-taxable","12":"purchasable","13":"product-type-simple"},"aioseo_notices":[],"_links":{"self":[{"href":"https:\/\/rubberautoparts.com\/pt\/wp-json\/wp\/v2\/product\/989427","targetHints":{"allow":["GET"]}}],"collection":[{"href":"https:\/\/rubberautoparts.com\/pt\/wp-json\/wp\/v2\/product"}],"about":[{"href":"https:\/\/rubberautoparts.com\/pt\/wp-json\/wp\/v2\/types\/product"}],"wp:featuredmedia":[{"embeddable":true,"href":"https:\/\/rubberautoparts.com\/pt\/wp-json\/wp\/v2\/media\/989428"}],"wp:attachment":[{"href":"https:\/\/rubberautoparts.com\/pt\/wp-json\/wp\/v2\/media?parent=989427"}],"wp:term":[{"taxonomy":"product_brand","embeddable":true,"href":"https:\/\/rubberautoparts.com\/pt\/wp-json\/wp\/v2\/product_brand?post=989427"},{"taxonomy":"product_cat","embeddable":true,"href":"https:\/\/rubberautoparts.com\/pt\/wp-json\/wp\/v2\/product_cat?post=989427"},{"taxonomy":"product_tag","embeddable":true,"href":"https:\/\/rubberautoparts.com\/pt\/wp-json\/wp\/v2\/product_tag?post=989427"}],"curies":[{"name":"wp","href":"https:\/\/api.w.org\/{rel}","templated":true}]}}