{"id":989441,"date":"2025-03-29T13:33:38","date_gmt":"2025-03-29T13:33:38","guid":{"rendered":"https:\/\/rubberautoparts.com\/?post_type=product&#038;p=989441"},"modified":"2025-03-30T05:25:19","modified_gmt":"2025-03-30T05:25:19","slug":"cv-joint-boot-ghcvjb0022-oem-04438-04011-04438-04010-yb02-1060","status":"publish","type":"product","link":"https:\/\/rubberautoparts.com\/pt\/produto\/bota-de-junta-homocinetica-ghcvjb0022-oem-04438-04011-04438-04010-yb02-1060\/","title":{"rendered":"BOTA DE JUNTA HOMOCIN\u00c9TICA GHCVJB0022\/OEM: 04438-04011\/04438-04010\/YB02-1060"},"content":{"rendered":"<div class=\"vgblk-rw-wrapper limit-wrapper\"><strong>Nome do produto:<\/strong> Coifa de junta homocin\u00e9tica GHCVJB0022 \/ OEM: 04438-04011 \/ 04438-04010 \/ YB02-1060<\/p>\n<h3>Modelos de ve\u00edculos compat\u00edveis:<\/h3>\n<ul>\n<li><strong>Toyota Tacoma<\/strong>\n<ul>\n<li>DLX, SR5<\/li>\n<li>Op\u00e7\u00f5es de motor:\n<ul>\n<li>4 cilindros 2,7 L (3RZFE)<\/li>\n<li>6 cilindros 3,4 L (5VZFE)<\/li>\n<\/ul>\n<\/li>\n<\/ul>\n<\/li>\n<\/ul>\n<h3>Op\u00e7\u00f5es de materiais e desempenho<\/h3>\n<ul>\n<li><strong>Borracha Natural (NR):<\/strong> Uma escolha econ\u00f4mica com alta elasticidade e resist\u00eancia \u00e0 abras\u00e3o, adequada para aplica\u00e7\u00f5es em ve\u00edculos padr\u00e3o.<\/li>\n<li><strong>Silicone (HTV):<\/strong> Oferece excelente resist\u00eancia a altas temperaturas (-60\u00b0C a 230\u00b0C), ideal para aplica\u00e7\u00f5es turboalimentadas ou el\u00e9tricas.<\/li>\n<li><strong>Borracha nitr\u00edlica (NBR):<\/strong> Oferece resist\u00eancia superior a \u00f3leo e combust\u00edvel, perfeito para motores a diesel e uso pesado.<\/li>\n<li><strong>EPDM:<\/strong> Projetado para suportar condi\u00e7\u00f5es clim\u00e1ticas adversas, ideal para ambientes \u00famidos ou costeiros e resistente a UV\/oz\u00f4nio.<\/li>\n<li><strong>Elast\u00f4mero termopl\u00e1stico (TPE):<\/strong> Capaz de suportar temperaturas de at\u00e9 140\u00b0C; aprovado pelo fabricante original para sistemas de transmiss\u00e3o de alto torque.<\/li>\n<\/ul>\n<h3>Recursos centrados no OEM<\/h3>\n<ul>\n<li><strong>Engenharia de Precis\u00e3o:<\/strong>\n<ul>\n<li>Processos de moldagem automatizados com espessura toler\u00e1vel de \u00b10,3 mm.<\/li>\n<li>Projetos personalizados adaptados para tipos espec\u00edficos de articula\u00e7\u00f5es, facilitando \u00e2ngulos de articula\u00e7\u00e3o de at\u00e9 52\u00b0.<\/li>\n<\/ul>\n<\/li>\n<li><strong>Personaliza\u00e7\u00e3o:<\/strong>\n<ul>\n<li>Kits de coifa espec\u00edficos para ve\u00edculos (incluindo coifa, bra\u00e7adeiras, graxa e ferragens) para integra\u00e7\u00e3o perfeita com sistemas de transmiss\u00e3o originais.<\/li>\n<li>Solu\u00e7\u00f5es de ajuste universal (por exemplo, botas STRETCH\u2122 CV) dispon\u00edveis para ve\u00edculos modificados, reduzindo riscos de falha prematura.<\/li>\n<\/ul>\n<\/li>\n<li><strong>Produ\u00e7\u00e3o escal\u00e1vel:<\/strong>\n<ul>\n<li>Instala\u00e7\u00f5es certificadas pela ISO 9001 com mais de 40.000 SKUs que cobrem mais de 95% de ve\u00edculos comerciais e de passageiros no mundo todo.<\/li>\n<li>Capacidade de pedidos em grandes quantidades com tempos de resposta r\u00e1pidos e desenhos\/amostras t\u00e9cnicas para valida\u00e7\u00e3o de pr\u00e9-produ\u00e7\u00e3o.<\/li>\n<\/ul>\n<\/li>\n<li><strong>Durabilidade e conformidade:<\/strong>\n<ul>\n<li>Projetado com nervuras refor\u00e7adas e constru\u00e7\u00e3o multicamadas, incorporando aditivos antienvelhecimento para maior vida \u00fatil das articula\u00e7\u00f5es.<\/li>\n<li>Produz produtos com materiais compat\u00edveis com REACH\/RoHS, eliminando riscos associados \u00e0 lavagem com solventes.<\/li>\n<\/ul>\n<\/li>\n<\/ul>\n<h3>Por que fazer parceria conosco?<\/h3>\n<ul>\n<li><strong>Mais de 20 anos de experi\u00eancia:<\/strong> Somos especializados em componentes de transmiss\u00e3o de n\u00edvel original para grandes marcas automotivas, incluindo a Toyota.<\/li>\n<li><strong>Suporte de ponta a ponta:<\/strong> Servi\u00e7o abrangente desde a sele\u00e7\u00e3o de materiais (NR, NBR, EPDM, etc.) at\u00e9 a garantia de qualidade p\u00f3s-instala\u00e7\u00e3o, assegurando que as especifica\u00e7\u00f5es do OEM sejam consistentemente atendidas.<\/li>\n<li><strong>Efici\u00eancia de custos:<\/strong> Pre\u00e7os competitivos para pedidos de alto volume, garantindo qualidade e durabilidade sem concess\u00f5es.<\/li>\n<\/ul>\n<h3>Contate-nos<\/h3>\n<p>Para <a href=\"https:\/\/rubberautoparts.com\/pt\/contato\/\">OEM\/ODM<\/a> colabora\u00e7\u00f5es, consultas t\u00e9cnicas ou solicita\u00e7\u00f5es de amostras, entre em contato conosco hoje mesmo!<\/div>\n<p><!-- .vgblk-rw-wrapper --><\/p>","protected":false},"excerpt":{"rendered":"<p>Product Name: CV Joint Boot GHCVJB0022 \/ OEM: 04438-04011 \/ 04438-04010 \/ YB02-1060 Compatible Vehicle Models: Toyota Tacoma DLX, SR5 Engine Options: 4 Cyl 2.7L (3RZFE) 6 Cyl 3.4L (5VZFE) Material Options &amp; Performance Natural Rubber (NR): A cost-effective choice with high elasticity and abrasion resistance, suitable for standard vehicle applications. Silicone (HTV): Offers excellent&#8230;<\/p>","protected":false},"featured_media":989442,"template":"","meta":[],"product_brand":[],"product_cat":[63],"product_tag":[75],"class_list":{"0":"post-989441","1":"product","2":"type-product","3":"status-publish","4":"has-post-thumbnail","6":"product_cat-cv-joint-boot","7":"product_tag-toyota","9":"first","10":"instock","11":"shipping-taxable","12":"purchasable","13":"product-type-simple"},"aioseo_notices":[],"_links":{"self":[{"href":"https:\/\/rubberautoparts.com\/pt\/wp-json\/wp\/v2\/product\/989441","targetHints":{"allow":["GET"]}}],"collection":[{"href":"https:\/\/rubberautoparts.com\/pt\/wp-json\/wp\/v2\/product"}],"about":[{"href":"https:\/\/rubberautoparts.com\/pt\/wp-json\/wp\/v2\/types\/product"}],"wp:featuredmedia":[{"embeddable":true,"href":"https:\/\/rubberautoparts.com\/pt\/wp-json\/wp\/v2\/media\/989442"}],"wp:attachment":[{"href":"https:\/\/rubberautoparts.com\/pt\/wp-json\/wp\/v2\/media?parent=989441"}],"wp:term":[{"taxonomy":"product_brand","embeddable":true,"href":"https:\/\/rubberautoparts.com\/pt\/wp-json\/wp\/v2\/product_brand?post=989441"},{"taxonomy":"product_cat","embeddable":true,"href":"https:\/\/rubberautoparts.com\/pt\/wp-json\/wp\/v2\/product_cat?post=989441"},{"taxonomy":"product_tag","embeddable":true,"href":"https:\/\/rubberautoparts.com\/pt\/wp-json\/wp\/v2\/product_tag?post=989441"}],"curies":[{"name":"wp","href":"https:\/\/api.w.org\/{rel}","templated":true}]}}