{"id":989898,"date":"2025-05-09T02:10:11","date_gmt":"2025-05-09T02:10:11","guid":{"rendered":"https:\/\/rubberautoparts.com\/?post_type=product&#038;p=989898"},"modified":"2025-06-23T07:31:05","modified_gmt":"2025-06-23T07:31:05","slug":"custom-steering-rack-boot-ghsrb0018-oem-45535-12060-45535-22080","status":"publish","type":"product","link":"https:\/\/rubberautoparts.com\/pt\/produto\/coifa-da-cremalheira-de-direcao-ghsrb0018-oem-45535-12060-45535-22080\/","title":{"rendered":"Coifa de cremalheira de dire\u00e7\u00e3o personalizada GHSRB0018 \/ OEM: 45535-12060\/45535-22080"},"content":{"rendered":"<div class=\"vgblk-rw-wrapper limit-wrapper\">O <strong>Bota de cremalheira de dire\u00e7\u00e3o personalizada GHSRB0018<\/strong>, fabricada de acordo com as especifica\u00e7\u00f5es do fabricante original (OEM: 45535-12060, 45535-22080), \u00e9 uma capa protetora de alta qualidade projetada para proteger a caixa de dire\u00e7\u00e3o do seu ve\u00edculo contra sujeira, \u00e1gua, lama e outros contaminantes. Produzida por <a href=\"https:\/\/rubberautoparts.com\/pt\/\">Borracha Guanghua<\/a>Esta capa de cremalheira de dire\u00e7\u00e3o oferece um ajuste preciso e durabilidade excepcional, garantindo um desempenho confi\u00e1vel em condi\u00e7\u00f5es de dire\u00e7\u00e3o exigentes. Feita com materiais avan\u00e7ados, flex\u00edveis e resistentes \u00e0s intemp\u00e9ries, ela previne eficazmente a entrada de detritos e o ac\u00famulo de umidade, que podem causar corros\u00e3o e desgaste prematuro dos componentes da dire\u00e7\u00e3o.<\/p>\n<p>Projetada para suportar altas temperaturas, tens\u00f5es mec\u00e2nicas e exposi\u00e7\u00e3o a elementos agressivos, a GHSRB0018 oferece prote\u00e7\u00e3o duradoura, ajudando a prolongar a vida \u00fatil da sua cremalheira de dire\u00e7\u00e3o. Seu f\u00e1cil processo de instala\u00e7\u00e3o a torna adequada para oficinas mec\u00e2nicas, distribuidores de pe\u00e7as e propriet\u00e1rios de ve\u00edculos que buscam uma solu\u00e7\u00e3o confi\u00e1vel e compat\u00edvel com OEM para manter a integridade do sistema de dire\u00e7\u00e3o. Confie na qualidade e expertise da Guanghua Rubber para fornecer uma cremalheira de dire\u00e7\u00e3o dur\u00e1vel e de alto desempenho que mant\u00e9m a dire\u00e7\u00e3o do seu ve\u00edculo suave e segura.<\/p>\n<p>Seja para manuten\u00e7\u00e3o de rotina ou reparo de botas danificadas, o <strong>GHSRB0018<\/strong> garante que seu sistema de dire\u00e7\u00e3o permane\u00e7a protegido, confi\u00e1vel e operando com desempenho m\u00e1ximo. Confie em <a href=\"https:\/\/www.linkedin.com\/company\/hebei-xingtai-guanghua-rubber-products-factory\/\">Borracha Guanghua<\/a> para fornecer o ajuste, a qualidade e a longevidade certos para o seu <a href=\"https:\/\/rubberautoparts.com\/pt\/veiculos\/\">ve\u00edculo<\/a>componentes de dire\u00e7\u00e3o.<\/div>\n<p><!-- .vgblk-rw-wrapper --><\/p>","protected":false},"excerpt":{"rendered":"<p>The Custom Steering Rack Boot GHSRB0018, manufactured to OEM specifications (OEM: 45535-12060, 45535-22080), is a high-quality protective cover designed to shield your vehicle\u2019s steering rack from dirt, water, mud, and other contaminants. Produced by Guanghua Rubber, this steering rack boot offers a precise fit and exceptional durability, ensuring reliable performance in demanding driving conditions. Made&#8230;<\/p>","protected":false},"featured_media":989900,"template":"","meta":[],"product_brand":[],"product_cat":[61],"product_tag":[109,75],"class_list":{"0":"post-989898","1":"product","2":"type-product","3":"status-publish","4":"has-post-thumbnail","6":"product_cat-steering-rack-boot","7":"product_tag-isuzu","8":"product_tag-toyota","10":"first","11":"instock","12":"shipping-taxable","13":"purchasable","14":"product-type-simple"},"aioseo_notices":[],"_links":{"self":[{"href":"https:\/\/rubberautoparts.com\/pt\/wp-json\/wp\/v2\/product\/989898","targetHints":{"allow":["GET"]}}],"collection":[{"href":"https:\/\/rubberautoparts.com\/pt\/wp-json\/wp\/v2\/product"}],"about":[{"href":"https:\/\/rubberautoparts.com\/pt\/wp-json\/wp\/v2\/types\/product"}],"wp:featuredmedia":[{"embeddable":true,"href":"https:\/\/rubberautoparts.com\/pt\/wp-json\/wp\/v2\/media\/989900"}],"wp:attachment":[{"href":"https:\/\/rubberautoparts.com\/pt\/wp-json\/wp\/v2\/media?parent=989898"}],"wp:term":[{"taxonomy":"product_brand","embeddable":true,"href":"https:\/\/rubberautoparts.com\/pt\/wp-json\/wp\/v2\/product_brand?post=989898"},{"taxonomy":"product_cat","embeddable":true,"href":"https:\/\/rubberautoparts.com\/pt\/wp-json\/wp\/v2\/product_cat?post=989898"},{"taxonomy":"product_tag","embeddable":true,"href":"https:\/\/rubberautoparts.com\/pt\/wp-json\/wp\/v2\/product_tag?post=989898"}],"curies":[{"name":"wp","href":"https:\/\/api.w.org\/{rel}","templated":true}]}}