{"id":989979,"date":"2025-06-21T13:54:15","date_gmt":"2025-06-21T13:54:15","guid":{"rendered":"https:\/\/rubberautoparts.com\/?post_type=product&#038;p=989979"},"modified":"2025-06-23T07:09:45","modified_gmt":"2025-06-23T07:09:45","slug":"valve-cover-gasket-ghvcg0007-oem%ef%bc%9a11213-28021","status":"publish","type":"product","link":"https:\/\/rubberautoparts.com\/pt\/produto\/junta-da-tampa-de-valvula-ghvcg0007-oem\uff1a11213-28021\/","title":{"rendered":"JUNTA DA TAMPA DA V\u00c1LVULA GHVCG0007 \/ OEM: 11213-28021"},"content":{"rendered":"<div class=\"vgblk-rw-wrapper limit-wrapper\">A junta da tampa da v\u00e1lvula GHVCG0007, fabricada pela <a href=\"https:\/\/rubberautoparts.com\/pt\/\">Produtos de borracha Xingtai Guanghua Co., Ltd.<\/a>, \u00e9 um componente de veda\u00e7\u00e3o premium de n\u00edvel OEM, projetado para garantir o desempenho e a confiabilidade ideais do motor. Fabricada com precis\u00e3o e cuidado, esta junta atende aos mais altos padr\u00f5es de qualidade e durabilidade, tornando-se uma pe\u00e7a essencial para manuten\u00e7\u00e3o e reparo de motores.<\/p>\n<p>Com o n\u00famero OEM 11213-28021, esta junta da tampa de v\u00e1lvulas oferece um encaixe perfeito para modelos de ve\u00edculos compat\u00edveis. Seu design preciso garante uma excelente veda\u00e7\u00e3o, prevenindo eficazmente vazamentos de \u00f3leo que podem causar danos ao motor ou problemas de desempenho. A capacidade de veda\u00e7\u00e3o confi\u00e1vel da junta ajuda a manter a integridade do motor e reduz o risco de reparos dispendiosos.<\/p>\n<p>Feito de materiais dur\u00e1veis e resistentes ao calor, o GHVCG0007 suporta temperaturas extremas e vibra\u00e7\u00f5es do motor, garantindo um desempenho duradouro mesmo sob condi\u00e7\u00f5es exigentes. Sua constru\u00e7\u00e3o de alta qualidade oferece excelente resist\u00eancia ao desgaste, produtos qu\u00edmicos e estresse t\u00e9rmico, tornando-o adequado tanto para oficinas profissionais quanto para propriet\u00e1rios de ve\u00edculos que buscam pe\u00e7as originais (OEM) confi\u00e1veis.<\/p>\n<p>Ideal para manuten\u00e7\u00e3o, reparos e substitui\u00e7\u00f5es, esta junta oferece uma solu\u00e7\u00e3o econ\u00f4mica sem comprometer a qualidade. Seja para manuten\u00e7\u00e3o de rotina ou grandes projetos de revis\u00e3o, a junta GHVCG0007 da Guanghua <a href=\"https:\/\/rubberautoparts.com\/pt\/um-guia-completo-para-pecas-de-borracha-automotivas-entendendo-a-borracha-natural-e-as-alternativas-sinteticas\/\">Borracha<\/a> garante uma rela\u00e7\u00e3o de confian\u00e7a, <a href=\"https:\/\/rubberautoparts.com\/pt\/investigacao\/\">Fabricante de equipamento original (OEM)<\/a>Solu\u00e7\u00e3o de veda\u00e7\u00e3o compat\u00edvel com os padr\u00f5es. \u00c9 uma excelente escolha para distribuidores de pe\u00e7as automotivas, oficinas mec\u00e2nicas e entusiastas do setor automotivo que priorizam qualidade e desempenho superiores em seu estoque de pe\u00e7as.<\/div>\n<p><!-- .vgblk-rw-wrapper --><\/p>","protected":false},"excerpt":{"rendered":"<p>The GHVCG0007 Valve Cover Gasket, manufactured by Xingtai Guanghua Rubber Products Co., Ltd., is a premium OEM-grade sealing component designed to ensure optimal engine performance and reliability. Crafted with precision and care, this gasket meets the highest standards for quality and durability, making it an essential part for engine maintenance and repair. With OEM number&#8230;<\/p>","protected":false},"featured_media":989980,"template":"","meta":[],"product_brand":[],"product_cat":[65],"product_tag":[75],"class_list":{"0":"post-989979","1":"product","2":"type-product","3":"status-publish","4":"has-post-thumbnail","6":"product_cat-valve-cover-gasket","7":"product_tag-toyota","9":"first","10":"instock","11":"shipping-taxable","12":"purchasable","13":"product-type-simple"},"aioseo_notices":[],"_links":{"self":[{"href":"https:\/\/rubberautoparts.com\/pt\/wp-json\/wp\/v2\/product\/989979","targetHints":{"allow":["GET"]}}],"collection":[{"href":"https:\/\/rubberautoparts.com\/pt\/wp-json\/wp\/v2\/product"}],"about":[{"href":"https:\/\/rubberautoparts.com\/pt\/wp-json\/wp\/v2\/types\/product"}],"wp:featuredmedia":[{"embeddable":true,"href":"https:\/\/rubberautoparts.com\/pt\/wp-json\/wp\/v2\/media\/989980"}],"wp:attachment":[{"href":"https:\/\/rubberautoparts.com\/pt\/wp-json\/wp\/v2\/media?parent=989979"}],"wp:term":[{"taxonomy":"product_brand","embeddable":true,"href":"https:\/\/rubberautoparts.com\/pt\/wp-json\/wp\/v2\/product_brand?post=989979"},{"taxonomy":"product_cat","embeddable":true,"href":"https:\/\/rubberautoparts.com\/pt\/wp-json\/wp\/v2\/product_cat?post=989979"},{"taxonomy":"product_tag","embeddable":true,"href":"https:\/\/rubberautoparts.com\/pt\/wp-json\/wp\/v2\/product_tag?post=989979"}],"curies":[{"name":"wp","href":"https:\/\/api.w.org\/{rel}","templated":true}]}}